{"id":107,"date":"2016-12-09T16:12:40","date_gmt":"2016-12-09T15:12:40","guid":{"rendered":"http:\/\/fildetrame.com\/?page_id=107"},"modified":"2023-01-16T11:40:55","modified_gmt":"2023-01-16T10:40:55","slug":"mentions-legales","status":"publish","type":"page","link":"https:\/\/fildetrame.com\/?page_id=107","title":{"rendered":"Mentions l\u00e9gales"},"content":{"rendered":"<div id=\"dslc-theme-content\"><div id=\"dslc-theme-content-inner\"><h6><span style=\"font-family: Arial, Helvetica, sans-serif; font-size: 10pt;\"><b>\u00c9dition du site :<\/b><\/span><\/h6>\n<p><span style=\"font-family: Arial, Helvetica, sans-serif; font-size: 10pt;\">Contact :<\/span><br \/>\n<span style=\"font-family: Arial, Helvetica, sans-serif; font-size: 10pt;\">contact@fildetrame.com<\/span><br \/>\n<span style=\"font-family: Arial, Helvetica, sans-serif; font-size: 10pt;\">Fil de trame est h\u00e9berg\u00e9 chez OVH\u00a0<a href=\"http:\/\/www.ovh.com\/\" target=\"_blank\" rel=\"noopener noreferrer\">www.ovh.com<\/a>\u00a0<\/span><\/p>\n<p><span style=\"font-family: Arial, Helvetica, sans-serif; font-size: 10pt;\"><b>Loi informatique et libert\u00e9 :<\/b><\/span><\/p>\n<p><span style=\"font-family: Arial, Helvetica, sans-serif; font-size: 10pt;\">Les informations (coordonn\u00e9es, textes, photos, &#8230;) que vous fournissez \u00e0 Fil de trame ne feront l&rsquo;objet d&rsquo;aucune utilisation commerciale.<\/span><br \/>\n<span style=\"font-family: Arial, Helvetica, sans-serif; font-size: 10pt;\">Elles ne seront jamais communiqu\u00e9es \u00e0 des tiers.<\/span><br \/>\n<span style=\"font-family: Arial, Helvetica, sans-serif; font-size: 10pt;\">Vous disposez d&rsquo;un droit d&rsquo;acc\u00e8s, de modification, de rectification et de suppression des donn\u00e9es qui vous concernent (art. 34 de la loi \u00ab\u00a0Informatique et Libert\u00e9s\u00a0\u00bb).<\/span><br \/>\n<span style=\"font-family: Arial, Helvetica, sans-serif; font-size: 10pt;\">Pour l&rsquo;exercer, adressez-vous par courriel \u00e0 : contact@fildetrame.com\u00a0<\/span><\/p>\n<\/div><\/div>","protected":false},"excerpt":{"rendered":"<p>\u00c9dition du site : Contact : contact@fildetrame.com Fil de trame est h\u00e9berg\u00e9 chez OVH\u00a0www.ovh.com\u00a0 Loi informatique et libert\u00e9 : Les informations (coordonn\u00e9es, textes, photos, &#8230;) que vous fournissez \u00e0 Fil <a class=\"read-more\" href=\"https:\/\/fildetrame.com\/?page_id=107\">Lire la suite<\/a><\/p>\n","protected":false},"author":1,"featured_media":0,"parent":0,"menu_order":0,"comment_status":"closed","ping_status":"closed","template":"","meta":{"footnotes":""},"class_list":["post-107","page","type-page","status-publish","hentry","clearfix"],"_links":{"self":[{"href":"https:\/\/fildetrame.com\/index.php?rest_route=\/wp\/v2\/pages\/107","targetHints":{"allow":["GET"]}}],"collection":[{"href":"https:\/\/fildetrame.com\/index.php?rest_route=\/wp\/v2\/pages"}],"about":[{"href":"https:\/\/fildetrame.com\/index.php?rest_route=\/wp\/v2\/types\/page"}],"author":[{"embeddable":true,"href":"https:\/\/fildetrame.com\/index.php?rest_route=\/wp\/v2\/users\/1"}],"replies":[{"embeddable":true,"href":"https:\/\/fildetrame.com\/index.php?rest_route=%2Fwp%2Fv2%2Fcomments&post=107"}],"version-history":[{"count":5,"href":"https:\/\/fildetrame.com\/index.php?rest_route=\/wp\/v2\/pages\/107\/revisions"}],"predecessor-version":[{"id":508,"href":"https:\/\/fildetrame.com\/index.php?rest_route=\/wp\/v2\/pages\/107\/revisions\/508"}],"wp:attachment":[{"href":"https:\/\/fildetrame.com\/index.php?rest_route=%2Fwp%2Fv2%2Fmedia&parent=107"}],"curies":[{"name":"wp","href":"https:\/\/api.w.org\/{rel}","templated":true}]}}