{"id":12,"date":"2016-11-29T17:20:12","date_gmt":"2016-11-29T16:20:12","guid":{"rendered":"http:\/\/fildetrame.com\/?page_id=12"},"modified":"2020-02-05T20:06:05","modified_gmt":"2020-02-05T19:06:05","slug":"accueil","status":"publish","type":"page","link":"https:\/\/fildetrame.com\/","title":{"rendered":""},"content":{"rendered":"<div id=\"dslc-theme-content\"><div id=\"dslc-theme-content-inner\"><h6><span style=\"font-size: 12pt; font-family: Arial, Helvetica, sans-serif; color: #000000;\">En tissage, le fil de trame est le fil qui navigue dans la largeur. Il est celui qui va s&rsquo;entrecroiser dans les fils de cha\u00eene, fix\u00e9s verticalement, pour former le tissu, dessiner les motifs.<\/span><\/h6>\n<h6><span style=\"font-size: 12pt; font-family: Arial, Helvetica, sans-serif; color: #000000;\">Je vous propose d&rsquo;\u00eatre le fil de trame de votre organisation. <\/span><\/h6>\n<h6><span style=\"font-size: 12pt; font-family: Arial, Helvetica, sans-serif; color: #000000;\">En interne, pour am\u00e9liorer votre communication. D\u00e9cloisonner, relier vos \u00e9quipes. Mettre en r\u00e9cit vos exp\u00e9riences pour tisser une communication de transmission, d&rsquo;\u00e9changes et visualiser le travail accompli. <\/span><\/h6>\n<h6><span style=\"font-family: Arial, Helvetica, sans-serif; font-size: 12pt; color: #000000;\">Vers l&rsquo;externe, pour valoriser vos savoir-faire et vos \u00e9quipes gr\u00e2ce \u00e0 une strat\u00e9gie sur-mesure.<\/span><\/h6>\n<h6><span style=\"font-size: 12pt; font-family: Arial, Helvetica, sans-serif; color: #000000;\">Fil de trame veut redonner au mot communication son sens premier : faire partager, transmettre, quel que soit votre public.<\/span><\/h6>\n<\/div><\/div>","protected":false},"excerpt":{"rendered":"<p>En tissage, le fil de trame est le fil qui navigue dans la largeur. Il est celui qui va s&rsquo;entrecroiser dans les fils de cha\u00eene, fix\u00e9s verticalement, pour former le <a class=\"read-more\" href=\"https:\/\/fildetrame.com\/\">Lire la suite<\/a><\/p>\n","protected":false},"author":1,"featured_media":0,"parent":0,"menu_order":0,"comment_status":"closed","ping_status":"closed","template":"","meta":{"footnotes":""},"class_list":["post-12","page","type-page","status-publish","hentry","clearfix"],"_links":{"self":[{"href":"https:\/\/fildetrame.com\/index.php?rest_route=\/wp\/v2\/pages\/12","targetHints":{"allow":["GET"]}}],"collection":[{"href":"https:\/\/fildetrame.com\/index.php?rest_route=\/wp\/v2\/pages"}],"about":[{"href":"https:\/\/fildetrame.com\/index.php?rest_route=\/wp\/v2\/types\/page"}],"author":[{"embeddable":true,"href":"https:\/\/fildetrame.com\/index.php?rest_route=\/wp\/v2\/users\/1"}],"replies":[{"embeddable":true,"href":"https:\/\/fildetrame.com\/index.php?rest_route=%2Fwp%2Fv2%2Fcomments&post=12"}],"version-history":[{"count":14,"href":"https:\/\/fildetrame.com\/index.php?rest_route=\/wp\/v2\/pages\/12\/revisions"}],"predecessor-version":[{"id":430,"href":"https:\/\/fildetrame.com\/index.php?rest_route=\/wp\/v2\/pages\/12\/revisions\/430"}],"wp:attachment":[{"href":"https:\/\/fildetrame.com\/index.php?rest_route=%2Fwp%2Fv2%2Fmedia&parent=12"}],"curies":[{"name":"wp","href":"https:\/\/api.w.org\/{rel}","templated":true}]}}