{"id":17,"date":"2016-11-30T16:59:33","date_gmt":"2016-11-30T15:59:33","guid":{"rendered":"http:\/\/fildetrame.com\/?page_id=17"},"modified":"2020-02-05T20:08:06","modified_gmt":"2020-02-05T19:08:06","slug":"contact","status":"publish","type":"page","link":"https:\/\/fildetrame.com\/?page_id=17","title":{"rendered":"Contact"},"content":{"rendered":"<div id=\"dslc-theme-content\"><div id=\"dslc-theme-content-inner\"><h6><span style=\"font-family: Arial, Helvetica, sans-serif; font-size: 12pt;\">N&rsquo;h\u00e9sitez pas \u00e0 me contacter !<\/span><\/h6>\n<h6><span style=\"font-family: Arial, Helvetica, sans-serif; font-size: 12pt;\">Nous pourrons discuter de vos besoins autour d&rsquo;un caf\u00e9 !<\/span><br data-rich-text-line-break=\"true\"><span style=\"font-family: Arial, Helvetica, sans-serif; font-size: 12pt;\">contact@fildetrame.com<\/span><\/h6>\n<\/div><\/div>","protected":false},"excerpt":{"rendered":"<p>N&rsquo;h\u00e9sitez pas \u00e0 me contacter ! Nous pourrons discuter de vos besoins autour d&rsquo;un caf\u00e9 !contact@fildetrame.com<\/p>\n","protected":false},"author":1,"featured_media":0,"parent":0,"menu_order":0,"comment_status":"closed","ping_status":"closed","template":"page-templates\/page_fullwidth.php","meta":{"footnotes":""},"class_list":["post-17","page","type-page","status-publish","hentry","clearfix"],"_links":{"self":[{"href":"https:\/\/fildetrame.com\/index.php?rest_route=\/wp\/v2\/pages\/17","targetHints":{"allow":["GET"]}}],"collection":[{"href":"https:\/\/fildetrame.com\/index.php?rest_route=\/wp\/v2\/pages"}],"about":[{"href":"https:\/\/fildetrame.com\/index.php?rest_route=\/wp\/v2\/types\/page"}],"author":[{"embeddable":true,"href":"https:\/\/fildetrame.com\/index.php?rest_route=\/wp\/v2\/users\/1"}],"replies":[{"embeddable":true,"href":"https:\/\/fildetrame.com\/index.php?rest_route=%2Fwp%2Fv2%2Fcomments&post=17"}],"version-history":[{"count":13,"href":"https:\/\/fildetrame.com\/index.php?rest_route=\/wp\/v2\/pages\/17\/revisions"}],"predecessor-version":[{"id":474,"href":"https:\/\/fildetrame.com\/index.php?rest_route=\/wp\/v2\/pages\/17\/revisions\/474"}],"wp:attachment":[{"href":"https:\/\/fildetrame.com\/index.php?rest_route=%2Fwp%2Fv2%2Fmedia&parent=17"}],"curies":[{"name":"wp","href":"https:\/\/api.w.org\/{rel}","templated":true}]}}