{"id":395,"date":"2020-02-04T20:14:08","date_gmt":"2020-02-04T19:14:08","guid":{"rendered":"https:\/\/fildetrame.com\/?page_id=395"},"modified":"2020-02-05T20:07:21","modified_gmt":"2020-02-05T19:07:21","slug":"communication-interne","status":"publish","type":"page","link":"https:\/\/fildetrame.com\/?page_id=395","title":{"rendered":"Communication interne"},"content":{"rendered":"<div id=\"dslc-theme-content\"><div id=\"dslc-theme-content-inner\"><h6><span style=\"font-family: Arial, Helvetica, sans-serif; font-size: 12pt;\">R\u00e9unions, courriels, messageries instantan\u00e9es, espaces de travail r\u00e9els et virtuels partag\u00e9s&#8230; Il semble que nous n&rsquo;ayons jamais eu autant d&rsquo;outils et d&rsquo;espaces pour communiquer et pourtant nombreux sont les salari\u00e9s qui se plaignent de la communication interne \u00e0 leur organisation. <\/span><\/h6>\n<h6><span style=\"font-family: Arial, Helvetica, sans-serif; font-size: 12pt;\">Absence, trop-plein, mauvaise&#8230; La communication fait l&rsquo;objet de nombreux reproches.<\/span><\/h6>\n<h6><span style=\"font-family: Arial, Helvetica, sans-serif; font-size: 12pt;\">Parce que communiquer avec ses coll\u00e8gues est \u00e0 la fois une \u00e9vidence et une obligation, il est important de s&rsquo;interroger sur la fa\u00e7on dont on communique en interne. <\/span><\/h6>\n<h6><span style=\"font-family: Arial, Helvetica, sans-serif; font-size: 12pt;\">Information \u00e0 transmettre, r\u00e9cepteurs des messages, canaux de distribution&#8230; La communication interne ne s&rsquo;arr\u00eate pas aux courriels ou \u00e0 la newsletter, elle touche \u00e0 la culture de l&rsquo;organisation, \u00e0 sa m\u00e9moire, \u00e0 l&rsquo;engagement et au bien-\u00eatre des personnes qui la compose.<\/span><\/h6>\n<h6><span style=\"font-family: Arial, Helvetica, sans-serif; font-size: 12pt;\">Je vous propose de mettre de l&rsquo;huile dans ces rouages et vous aider \u00e0 gagner en fluidit\u00e9.<\/span><\/h6>\n<\/div><\/div>","protected":false},"excerpt":{"rendered":"<p>R\u00e9unions, courriels, messageries instantan\u00e9es, espaces de travail r\u00e9els et virtuels partag\u00e9s&#8230; Il semble que nous n&rsquo;ayons jamais eu autant d&rsquo;outils et d&rsquo;espaces pour communiquer et pourtant nombreux sont les salari\u00e9s <a class=\"read-more\" href=\"https:\/\/fildetrame.com\/?page_id=395\">Lire la suite<\/a><\/p>\n","protected":false},"author":1,"featured_media":0,"parent":59,"menu_order":0,"comment_status":"closed","ping_status":"closed","template":"","meta":{"footnotes":""},"class_list":["post-395","page","type-page","status-publish","hentry","clearfix"],"_links":{"self":[{"href":"https:\/\/fildetrame.com\/index.php?rest_route=\/wp\/v2\/pages\/395","targetHints":{"allow":["GET"]}}],"collection":[{"href":"https:\/\/fildetrame.com\/index.php?rest_route=\/wp\/v2\/pages"}],"about":[{"href":"https:\/\/fildetrame.com\/index.php?rest_route=\/wp\/v2\/types\/page"}],"author":[{"embeddable":true,"href":"https:\/\/fildetrame.com\/index.php?rest_route=\/wp\/v2\/users\/1"}],"replies":[{"embeddable":true,"href":"https:\/\/fildetrame.com\/index.php?rest_route=%2Fwp%2Fv2%2Fcomments&post=395"}],"version-history":[{"count":11,"href":"https:\/\/fildetrame.com\/index.php?rest_route=\/wp\/v2\/pages\/395\/revisions"}],"predecessor-version":[{"id":431,"href":"https:\/\/fildetrame.com\/index.php?rest_route=\/wp\/v2\/pages\/395\/revisions\/431"}],"up":[{"embeddable":true,"href":"https:\/\/fildetrame.com\/index.php?rest_route=\/wp\/v2\/pages\/59"}],"wp:attachment":[{"href":"https:\/\/fildetrame.com\/index.php?rest_route=%2Fwp%2Fv2%2Fmedia&parent=395"}],"curies":[{"name":"wp","href":"https:\/\/api.w.org\/{rel}","templated":true}]}}