{"id":78,"date":"2016-12-07T17:33:08","date_gmt":"2016-12-07T16:33:08","guid":{"rendered":"http:\/\/fildetrame.com\/?page_id=78"},"modified":"2020-02-05T20:07:54","modified_gmt":"2020-02-05T19:07:54","slug":"strategie-editoriale","status":"publish","type":"page","link":"https:\/\/fildetrame.com\/?page_id=78","title":{"rendered":"Strat\u00e9gie de communication"},"content":{"rendered":"<div id=\"dslc-theme-content\"><div id=\"dslc-theme-content-inner\"><h6><span style=\"color: #000000; font-family: Arial, Helvetica, sans-serif; font-size: 12pt;\">Faire savoir qui vous \u00eates et ce que vous proposez, vous faire conna\u00eetre ou reconna\u00eetre. En tant que professionnel, vous ma\u00eetrisez les codes de votre activit\u00e9. Mais lorsqu&rsquo;il s&rsquo;agit de diffuser les informations concernant vos savoir-faire, les codes ne sont plus les m\u00eames. Or communiquer est essentiel pour se d\u00e9velopper.<\/span><\/h6>\n<h6><span style=\"color: #000000; font-family: Arial, Helvetica, sans-serif; font-size: 12pt;\">Je vous propose de vous accompagner dans l&rsquo;\u00e9laboration ou l&rsquo;am\u00e9lioration de votre strat\u00e9gie de communication. Apr\u00e8s un diagnostic de vos besoins, vos forces et points d&rsquo;am\u00e9lioration, je travaille avec vous sur votre positionnement et vos messages. <\/span><\/h6>\n<h6><span style=\"color: #000000; font-family: Arial, Helvetica, sans-serif; font-size: 12pt;\">Ensemble, nous identifions les supports les plus adapt\u00e9s \u00e0 vos cibles et objectifs. Conception des contenus, validation d&rsquo;un calendrier \u00e9ditorial, tout le processus s&rsquo;inscrit dans une d\u00e9marche de co-construction. Vous pouvez ainsi vous approprier les outils et m\u00e9thodes et gagner en autonomie.<\/span><\/h6>\n<h6><\/h6>\n<\/div><\/div>","protected":false},"excerpt":{"rendered":"<p>Faire savoir qui vous \u00eates et ce que vous proposez, vous faire conna\u00eetre ou reconna\u00eetre. En tant que professionnel, vous ma\u00eetrisez les codes de votre activit\u00e9. Mais lorsqu&rsquo;il s&rsquo;agit de <a class=\"read-more\" href=\"https:\/\/fildetrame.com\/?page_id=78\">Lire la suite<\/a><\/p>\n","protected":false},"author":1,"featured_media":0,"parent":59,"menu_order":0,"comment_status":"closed","ping_status":"closed","template":"","meta":{"footnotes":""},"class_list":["post-78","page","type-page","status-publish","hentry","clearfix"],"_links":{"self":[{"href":"https:\/\/fildetrame.com\/index.php?rest_route=\/wp\/v2\/pages\/78","targetHints":{"allow":["GET"]}}],"collection":[{"href":"https:\/\/fildetrame.com\/index.php?rest_route=\/wp\/v2\/pages"}],"about":[{"href":"https:\/\/fildetrame.com\/index.php?rest_route=\/wp\/v2\/types\/page"}],"author":[{"embeddable":true,"href":"https:\/\/fildetrame.com\/index.php?rest_route=\/wp\/v2\/users\/1"}],"replies":[{"embeddable":true,"href":"https:\/\/fildetrame.com\/index.php?rest_route=%2Fwp%2Fv2%2Fcomments&post=78"}],"version-history":[{"count":13,"href":"https:\/\/fildetrame.com\/index.php?rest_route=\/wp\/v2\/pages\/78\/revisions"}],"predecessor-version":[{"id":394,"href":"https:\/\/fildetrame.com\/index.php?rest_route=\/wp\/v2\/pages\/78\/revisions\/394"}],"up":[{"embeddable":true,"href":"https:\/\/fildetrame.com\/index.php?rest_route=\/wp\/v2\/pages\/59"}],"wp:attachment":[{"href":"https:\/\/fildetrame.com\/index.php?rest_route=%2Fwp%2Fv2%2Fmedia&parent=78"}],"curies":[{"name":"wp","href":"https:\/\/api.w.org\/{rel}","templated":true}]}}