{"id":80,"date":"2016-12-07T17:33:30","date_gmt":"2016-12-07T16:33:30","guid":{"rendered":"http:\/\/fildetrame.com\/?page_id=80"},"modified":"2020-02-05T20:07:32","modified_gmt":"2020-02-05T19:07:32","slug":"mise-en-recit","status":"publish","type":"page","link":"https:\/\/fildetrame.com\/?page_id=80","title":{"rendered":"Mise en r\u00e9cit"},"content":{"rendered":"<div id=\"dslc-theme-content\"><div id=\"dslc-theme-content-inner\"><h6><span style=\"color: #000000; font-family: Arial, Helvetica, sans-serif; font-size: 12pt;\">Votre organisation repose sur des femmes et des hommes, des exp\u00e9riences, des projets. Autant de savoir-faire et de parcours riches mais rarement valoris\u00e9s. Mettre en lumi\u00e8re ces parcours ou ces projets r\u00e9pond \u00e0 de multiples enjeux de communication et de relations humaines.<\/span><\/h6>\n<h6><span style=\"font-family: Arial, Helvetica, sans-serif; font-size: 12pt; color: #000000;\">Raconter votre organisation, c&rsquo;est communiquer autour de vos forces humaines et de vos m\u00e9tiers et partager ce qui vous est propre et vous tient \u00e0 c\u0153ur.<\/span><\/h6>\n<h6><span style=\"color: #000000; font-family: Arial, Helvetica, sans-serif; font-size: 12pt;\">Au sein de votre organisation, la mise en r\u00e9cit est un facteur clef pour l&rsquo;identification et la transmission des savoirs. Cela permet \u00e9galement d&rsquo;ouvrir des espaces pour cr\u00e9er ou recr\u00e9er du dialogue.<\/span><\/h6>\n<h6><span style=\"color: #000000; font-family: Arial, Helvetica, sans-serif; font-size: 12pt;\">Je vous propose de mettre des mots sur vos histoires, de produire des contenus qui v\u00e9hiculent vos savoir-faire, votre image et vos valeurs \u00e0 l&rsquo;interne comme \u00e0 l&rsquo;externe.<\/span><\/h6>\n<\/div><\/div>","protected":false},"excerpt":{"rendered":"<p>Votre organisation repose sur des femmes et des hommes, des exp\u00e9riences, des projets. Autant de savoir-faire et de parcours riches mais rarement valoris\u00e9s. Mettre en lumi\u00e8re ces parcours ou ces <a class=\"read-more\" href=\"https:\/\/fildetrame.com\/?page_id=80\">Lire la suite<\/a><\/p>\n","protected":false},"author":1,"featured_media":0,"parent":59,"menu_order":0,"comment_status":"closed","ping_status":"closed","template":"","meta":{"footnotes":""},"class_list":["post-80","page","type-page","status-publish","hentry","clearfix"],"_links":{"self":[{"href":"https:\/\/fildetrame.com\/index.php?rest_route=\/wp\/v2\/pages\/80","targetHints":{"allow":["GET"]}}],"collection":[{"href":"https:\/\/fildetrame.com\/index.php?rest_route=\/wp\/v2\/pages"}],"about":[{"href":"https:\/\/fildetrame.com\/index.php?rest_route=\/wp\/v2\/types\/page"}],"author":[{"embeddable":true,"href":"https:\/\/fildetrame.com\/index.php?rest_route=\/wp\/v2\/users\/1"}],"replies":[{"embeddable":true,"href":"https:\/\/fildetrame.com\/index.php?rest_route=%2Fwp%2Fv2%2Fcomments&post=80"}],"version-history":[{"count":10,"href":"https:\/\/fildetrame.com\/index.php?rest_route=\/wp\/v2\/pages\/80\/revisions"}],"predecessor-version":[{"id":302,"href":"https:\/\/fildetrame.com\/index.php?rest_route=\/wp\/v2\/pages\/80\/revisions\/302"}],"up":[{"embeddable":true,"href":"https:\/\/fildetrame.com\/index.php?rest_route=\/wp\/v2\/pages\/59"}],"wp:attachment":[{"href":"https:\/\/fildetrame.com\/index.php?rest_route=%2Fwp%2Fv2%2Fmedia&parent=80"}],"curies":[{"name":"wp","href":"https:\/\/api.w.org\/{rel}","templated":true}]}}